{"id":217,"date":"2026-01-06T10:37:28","date_gmt":"2026-01-06T10:37:28","guid":{"rendered":"https:\/\/mtbcompass.ch\/?page_id=217"},"modified":"2026-01-26T10:16:23","modified_gmt":"2026-01-26T10:16:23","slug":"gammes","status":"publish","type":"page","link":"https:\/\/mtbcompass.ch\/en\/gammes\/","title":{"rendered":"Ranges"},"content":{"rendered":"<p>[et_pb_section fb_built=\u00a0\u00bb1&Prime; admin_label=\u00a0\u00bbHeader\u00a0\u00bb _builder_version=\u00a0\u00bb4.27.5&Prime; _module_preset=\u00a0\u00bbdefault\u00a0\u00bb use_background_color_gradient=\u00a0\u00bbon\u00a0\u00bb background_color_gradient_stops=\u00a0\u00bbrgba(0,0,0,0.8) 30%|rgba(0,0,0,0.1) 100%\u00a0\u00bb background_color_gradient_overlays_image=\u00a0\u00bbon\u00a0\u00bb background_image=\u00a0\u00bbhttps:\/\/mtbcompass.ch\/wp-content\/uploads\/2025\/12\/mountain-lake-2884958_1920.jpg\u00a0\u00bb custom_margin=\u00a0\u00bb||||false|false\u00a0\u00bb custom_padding=\u00a0\u00bb5vw||15vw||false|false\u00a0\u00bb collapsed=\u00a0\u00bbon\u00a0\u00bb global_colors_info=\u00a0\u00bb{}\u00a0\u00bb][et_pb_row _builder_version=\u00a0\u00bb4.20.0&Prime; _module_preset=\u00a0\u00bbdefault\u00a0\u00bb global_colors_info=\u00a0\u00bb{}\u00a0\u00bb][et_pb_column type=\u00a0\u00bb4_4&Prime; _builder_version=\u00a0\u00bb4.20.0&Prime; _module_preset=\u00a0\u00bbdefault\u00a0\u00bb global_colors_info=\u00a0\u00bb{}\u00a0\u00bb][et_pb_text _builder_version=\u00a0\u00bb4.27.5&Prime; _module_preset=\u00a0\u00bbdefault\u00a0\u00bb header_font=\u00a0\u00bb|700||on|||||\u00a0\u00bb header_text_color=\u00a0\u00bb#FFFFFF\u00a0\u00bb header_font_size=\u00a0\u00bb4rem\u00a0\u00bb hover_enabled=\u00a0\u00bb0&Prime; custom_css_free_form=\u00a0\u00bbh1 {||  font-family: apparat, sans-serif; ||}\u00a0\u00bb global_colors_info=\u00a0\u00bb{}\u00a0\u00bb header_font_size_last_edited=\u00a0\u00bbon|phone\u00a0\u00bb sticky_enabled=\u00a0\u00bb0&Prime; header_font_size_phone=\u00a0\u00bb3rem\u00a0\u00bb header_letter_spacing=\u00a0\u00bb-1px\u00a0\u00bb header_font_size_tablet=\u00a0\u00bb4rem\u00a0\u00bb]<\/p>\n<h1>Gammes<\/h1>\n<p>[\/et_pb_text][et_pb_text _builder_version=\u00a0\u00bb4.27.5&Prime; _module_preset=\u00a0\u00bb_initial\u00a0\u00bb text_font=\u00a0\u00bb&#8211;et_global_heading_font|100|||||||\u00a0\u00bb text_text_color=\u00a0\u00bb#FFFFFF\u00a0\u00bb text_font_size=\u00a0\u00bb16px\u00a0\u00bb text_line_height=\u00a0\u00bb1.5em\u00a0\u00bb background_layout=\u00a0\u00bbdark\u00a0\u00bb width=\u00a0\u00bb50%\u00a0\u00bb module_alignment=\u00a0\u00bbleft\u00a0\u00bb hover_enabled=\u00a0\u00bb0&Prime; text_font_size_tablet=\u00a0\u00bb15px\u00a0\u00bb text_font_size_phone=\u00a0\u00bb14px\u00a0\u00bb text_font_size_last_edited=\u00a0\u00bbon|desktop\u00a0\u00bb custom_css_free_form=\u00a0\u00bbp {||  font-family: apparat, sans-serif; ||}\u00a0\u00bb locked=\u00a0\u00bboff\u00a0\u00bb global_colors_info=\u00a0\u00bb{}\u00a0\u00bb width_last_edited=\u00a0\u00bbon|phone\u00a0\u00bb sticky_enabled=\u00a0\u00bb0&Prime; width_phone=\u00a0\u00bb100%\u00a0\u00bb width_tablet=\u00a0\u00bb50%\u00a0\u00bb]<\/p>\n<p style=\"text-align: justify;\">Les VTT sont g\u00e9n\u00e9ralement class\u00e9s par gammes, principalement en fonction de leur \u00e9quipement, de leurs performances et de leur prix. Comprendre ces diff\u00e9rences te permet de choisir un v\u00e9lo adapt\u00e9 \u00e0 ton niveau, \u00e0 ta pratique et \u00e0 ton budget, sans payer pour des caract\u00e9ristiques dont tu n\u2019as pas forc\u00e9ment besoin.<\/p>\n<p>[\/et_pb_text][\/et_pb_column][\/et_pb_row][\/et_pb_section][et_pb_section fb_built=\u00a0\u00bb1&Prime; _builder_version=\u00a0\u00bb4.27.5&Prime; _module_preset=\u00a0\u00bbdefault\u00a0\u00bb global_colors_info=\u00a0\u00bb{}\u00a0\u00bb][et_pb_row column_structure=\u00a0\u00bb1_3,1_3,1_3&Prime; _builder_version=\u00a0\u00bb4.27.5&Prime; _module_preset=\u00a0\u00bbdefault\u00a0\u00bb width=\u00a0\u00bb90%\u00a0\u00bb width_tablet=\u00a0\u00bb90%\u00a0\u00bb width_phone=\u00a0\u00bb90%\u00a0\u00bb width_last_edited=\u00a0\u00bbon|tablet\u00a0\u00bb max_width=\u00a0\u00bb2560px\u00a0\u00bb max_width_tablet=\u00a0\u00bb2560px\u00a0\u00bb max_width_phone=\u00a0\u00bb2560px\u00a0\u00bb max_width_last_edited=\u00a0\u00bbon|phone\u00a0\u00bb global_colors_info=\u00a0\u00bb{}\u00a0\u00bb][et_pb_column type=\u00a0\u00bb1_3&Prime; _builder_version=\u00a0\u00bb4.27.5&Prime; _module_preset=\u00a0\u00bbdefault\u00a0\u00bb global_colors_info=\u00a0\u00bb{}\u00a0\u00bb][et_pb_text _builder_version=\u00a0\u00bb4.27.5&Prime; _module_preset=\u00a0\u00bb_initial\u00a0\u00bb header_font=\u00a0\u00bb|700|||||||\u00a0\u00bb header_2_font=\u00a0\u00bb|700||on|||||\u00a0\u00bb header_2_font_size=\u00a0\u00bb40px\u00a0\u00bb header_2_line_height=\u00a0\u00bb1.2em\u00a0\u00bb header_2_font_size_tablet=\u00a0\u00bb32px\u00a0\u00bb header_2_font_size_phone=\u00a0\u00bb20px\u00a0\u00bb header_2_font_size_last_edited=\u00a0\u00bbon|desktop\u00a0\u00bb custom_css_free_form=\u00a0\u00bbh2 {||  font-family: apparat, sans-serif; ||}\u00a0\u00bb global_colors_info=\u00a0\u00bb{}\u00a0\u00bb]<\/p>\n<h2 style=\"text-align: center;\">Entr\u00e9e de gamme<\/h2>\n<p>[\/et_pb_text][et_pb_text _builder_version=\u00a0\u00bb4.27.5&Prime; _module_preset=\u00a0\u00bb_initial\u00a0\u00bb text_font=\u00a0\u00bb&#8211;et_global_heading_font|100|||||||\u00a0\u00bb text_text_color=\u00a0\u00bb#000000&Prime; text_font_size=\u00a0\u00bb16px\u00a0\u00bb text_line_height=\u00a0\u00bb1.5em\u00a0\u00bb background_layout=\u00a0\u00bbdark\u00a0\u00bb text_font_size_tablet=\u00a0\u00bb15px\u00a0\u00bb text_font_size_phone=\u00a0\u00bb14px\u00a0\u00bb text_font_size_last_edited=\u00a0\u00bbon|desktop\u00a0\u00bb custom_css_free_form=\u00a0\u00bbp {||  font-family: apparat, sans-serif; ||}\u00a0\u00bb locked=\u00a0\u00bboff\u00a0\u00bb global_colors_info=\u00a0\u00bb{}\u00a0\u00bb]<\/p>\n<p style=\"text-align: center;\">Les VTT d\u2019entr\u00e9e de gamme sont pens\u00e9s pour les personnes qui d\u00e9butent ou qui pratiquent occasionnellement le VTT. Ils permettent de d\u00e9couvrir la discipline et de rouler sur des terrains simples \u00e0 mod\u00e9r\u00e9s.<\/p>\n<p style=\"text-align: center;\">L\u2019\u00e9quipement est fiable mais basique, avec des composants plus lourds et moins orient\u00e9s performance.<\/p>\n<p>[\/et_pb_text][\/et_pb_column][et_pb_column type=\u00a0\u00bb1_3&Prime; _builder_version=\u00a0\u00bb4.27.5&Prime; _module_preset=\u00a0\u00bbdefault\u00a0\u00bb global_colors_info=\u00a0\u00bb{}\u00a0\u00bb][et_pb_text _builder_version=\u00a0\u00bb4.27.5&Prime; _module_preset=\u00a0\u00bb_initial\u00a0\u00bb header_font=\u00a0\u00bb|700|||||||\u00a0\u00bb header_2_font=\u00a0\u00bb|700||on|||||\u00a0\u00bb header_2_font_size=\u00a0\u00bb40px\u00a0\u00bb header_2_line_height=\u00a0\u00bb1.2em\u00a0\u00bb header_2_font_size_tablet=\u00a0\u00bb32px\u00a0\u00bb header_2_font_size_phone=\u00a0\u00bb20px\u00a0\u00bb header_2_font_size_last_edited=\u00a0\u00bbon|desktop\u00a0\u00bb custom_css_free_form=\u00a0\u00bbh2 {||  font-family: apparat, sans-serif; ||}\u00a0\u00bb global_colors_info=\u00a0\u00bb{}\u00a0\u00bb]<\/p>\n<h2 style=\"text-align: center;\"><strong data-start=\"1001\" data-end=\"1020\">Milieu de gamme<\/strong><\/h2>\n<p>[\/et_pb_text][et_pb_text _builder_version=\u00a0\u00bb4.27.5&Prime; _module_preset=\u00a0\u00bb_initial\u00a0\u00bb text_font=\u00a0\u00bb&#8211;et_global_heading_font|100|||||||\u00a0\u00bb text_text_color=\u00a0\u00bb#000000&Prime; text_font_size=\u00a0\u00bb16px\u00a0\u00bb text_line_height=\u00a0\u00bb1.5em\u00a0\u00bb background_layout=\u00a0\u00bbdark\u00a0\u00bb text_font_size_tablet=\u00a0\u00bb15px\u00a0\u00bb text_font_size_phone=\u00a0\u00bb14px\u00a0\u00bb text_font_size_last_edited=\u00a0\u00bbon|desktop\u00a0\u00bb custom_css_free_form=\u00a0\u00bbp {||  font-family: apparat, sans-serif; ||}\u00a0\u00bb locked=\u00a0\u00bboff\u00a0\u00bb global_colors_info=\u00a0\u00bb{}\u00a0\u00bb]<\/p>\n<p style=\"text-align: center;\">Le milieu de gamme offre un excellent compromis entre performance, confort et prix. Les v\u00e9los sont plus l\u00e9gers, mieux \u00e9quip\u00e9s et plus polyvalents, ce qui permet de progresser techniquement et de rouler sur des terrains plus vari\u00e9s.<\/p>\n<p style=\"text-align: center;\">C\u2019est souvent la gamme la plus populaire, car elle r\u00e9pond aux besoins de la majorit\u00e9 des pratiquants r\u00e9guliers.<\/p>\n<p>[\/et_pb_text][\/et_pb_column][et_pb_column type=\u00a0\u00bb1_3&Prime; _builder_version=\u00a0\u00bb4.27.5&Prime; _module_preset=\u00a0\u00bbdefault\u00a0\u00bb global_colors_info=\u00a0\u00bb{}\u00a0\u00bb][et_pb_text _builder_version=\u00a0\u00bb4.27.5&Prime; _module_preset=\u00a0\u00bb_initial\u00a0\u00bb header_font=\u00a0\u00bb|700|||||||\u00a0\u00bb header_2_font=\u00a0\u00bb|700||on|||||\u00a0\u00bb header_2_font_size=\u00a0\u00bb40px\u00a0\u00bb header_2_line_height=\u00a0\u00bb1.2em\u00a0\u00bb header_2_font_size_tablet=\u00a0\u00bb32px\u00a0\u00bb header_2_font_size_phone=\u00a0\u00bb20px\u00a0\u00bb header_2_font_size_last_edited=\u00a0\u00bbon|desktop\u00a0\u00bb custom_css_free_form=\u00a0\u00bbh2 {||  font-family: apparat, sans-serif; ||}\u00a0\u00bb global_colors_info=\u00a0\u00bb{}\u00a0\u00bb]<\/p>\n<h2 style=\"text-align: center;\"><strong data-start=\"1509\" data-end=\"1526\">Haut de gamme<\/strong><\/h2>\n<p>[\/et_pb_text][et_pb_text _builder_version=\u00a0\u00bb4.27.5&Prime; _module_preset=\u00a0\u00bb_initial\u00a0\u00bb text_font=\u00a0\u00bb&#8211;et_global_heading_font|100|||||||\u00a0\u00bb text_text_color=\u00a0\u00bb#000000&Prime; text_font_size=\u00a0\u00bb16px\u00a0\u00bb text_line_height=\u00a0\u00bb1.5em\u00a0\u00bb background_layout=\u00a0\u00bbdark\u00a0\u00bb text_font_size_tablet=\u00a0\u00bb15px\u00a0\u00bb text_font_size_phone=\u00a0\u00bb14px\u00a0\u00bb text_font_size_last_edited=\u00a0\u00bbon|desktop\u00a0\u00bb custom_css_free_form=\u00a0\u00bbp {||  font-family: apparat, sans-serif; ||}\u00a0\u00bb locked=\u00a0\u00bboff\u00a0\u00bb global_colors_info=\u00a0\u00bb{}\u00a0\u00bb]<\/p>\n<p style=\"text-align: center;\">Les VTT haut de gamme sont con\u00e7us pour la performance maximale. Ils utilisent des mat\u00e9riaux l\u00e9gers et haut de gamme, comme le carbone, et des composants tr\u00e8s performants.<\/p>\n<p style=\"text-align: center;\">Ces v\u00e9los offrent un excellent rendement, un pilotage pr\u00e9cis et un confort optimal, mais repr\u00e9sentent un investissement plus important.<\/p>\n<p>[\/et_pb_text][\/et_pb_column][\/et_pb_row][\/et_pb_section][et_pb_section fb_built=\u00a0\u00bb1&Prime; admin_label=\u00a0\u00bbStats\u00a0\u00bb _builder_version=\u00a0\u00bb4.27.5&Prime; _module_preset=\u00a0\u00bbdefault\u00a0\u00bb use_background_color_gradient=\u00a0\u00bbon\u00a0\u00bb background_color_gradient_stops=\u00a0\u00bbrgba(34,34,34,0.3) 0%|gcid-1f9b0bb3-481a-49f1-9fe6-999fc3c3182b 100%\u00a0\u00bb background_color_gradient_overlays_image=\u00a0\u00bbon\u00a0\u00bb background_image=\u00a0\u00bbhttps:\/\/mtbcompass.ch\/wp-content\/uploads\/2025\/12\/48459.jpg\u00a0\u00bb background_position=\u00a0\u00bbbottom_center\u00a0\u00bb background_vertical_offset=\u00a0\u00bb42%\u00a0\u00bb custom_padding=\u00a0\u00bb10vw||10vw||true|false\u00a0\u00bb saved_tabs=\u00a0\u00bball\u00a0\u00bb collapsed=\u00a0\u00bbon\u00a0\u00bb global_colors_info=\u00a0\u00bb{%22gcid-1f9b0bb3-481a-49f1-9fe6-999fc3c3182b%22:%91%22background_color_gradient_stops%22%93}\u00a0\u00bb][et_pb_row _builder_version=\u00a0\u00bb4.27.5&Prime; _module_preset=\u00a0\u00bbdefault\u00a0\u00bb custom_margin=\u00a0\u00bb0px||0px||false|false\u00a0\u00bb custom_padding=\u00a0\u00bb0px||0px||false|false\u00a0\u00bb global_colors_info=\u00a0\u00bb{}\u00a0\u00bb][et_pb_column type=\u00a0\u00bb4_4&Prime; _builder_version=\u00a0\u00bb4.27.5&Prime; _module_preset=\u00a0\u00bbdefault\u00a0\u00bb global_colors_info=\u00a0\u00bb{}\u00a0\u00bb][et_pb_image src=\u00a0\u00bbhttps:\/\/mtbcompass.ch\/wp-content\/uploads\/2026\/01\/darts-150&#215;150.png\u00a0\u00bb title_text=\u00a0\u00bbdarts\u00a0\u00bb align=\u00a0\u00bbcenter\u00a0\u00bb _builder_version=\u00a0\u00bb4.27.5&Prime; _module_preset=\u00a0\u00bbdefault\u00a0\u00bb custom_margin=\u00a0\u00bb||5rem||false|false\u00a0\u00bb global_colors_info=\u00a0\u00bb{}\u00a0\u00bb][\/et_pb_image][et_pb_text _builder_version=\u00a0\u00bb4.27.5&Prime; _module_preset=\u00a0\u00bb_initial\u00a0\u00bb text_font=\u00a0\u00bb&#8211;et_global_heading_font|600||on|||||\u00a0\u00bb text_text_color=\u00a0\u00bb#FFFFFF\u00a0\u00bb text_font_size=\u00a0\u00bb24px\u00a0\u00bb text_line_height=\u00a0\u00bb1.5em\u00a0\u00bb text_orientation=\u00a0\u00bbcenter\u00a0\u00bb background_layout=\u00a0\u00bbdark\u00a0\u00bb module_alignment=\u00a0\u00bbleft\u00a0\u00bb text_font_size_tablet=\u00a0\u00bb15px\u00a0\u00bb text_font_size_phone=\u00a0\u00bb14px\u00a0\u00bb text_font_size_last_edited=\u00a0\u00bbon|desktop\u00a0\u00bb custom_css_free_form=\u00a0\u00bbp {||  font-family: apparat, sans-serif; ||}\u00a0\u00bb locked=\u00a0\u00bboff\u00a0\u00bb global_colors_info=\u00a0\u00bb{}\u00a0\u00bb]<\/p>\n<p style=\"text-align: center;\">Comment bien choisir ta gamme ?<\/p>\n<p>[\/et_pb_text][et_pb_text _builder_version=\u00a0\u00bb4.27.5&Prime; _module_preset=\u00a0\u00bb_initial\u00a0\u00bb text_font=\u00a0\u00bb&#8211;et_global_heading_font|100|||||||\u00a0\u00bb text_text_color=\u00a0\u00bb#FFFFFF\u00a0\u00bb text_font_size=\u00a0\u00bb16px\u00a0\u00bb text_line_height=\u00a0\u00bb1.5em\u00a0\u00bb background_layout=\u00a0\u00bbdark\u00a0\u00bb text_font_size_tablet=\u00a0\u00bb15px\u00a0\u00bb text_font_size_phone=\u00a0\u00bb14px\u00a0\u00bb text_font_size_last_edited=\u00a0\u00bbon|desktop\u00a0\u00bb custom_css_free_form=\u00a0\u00bbp {||  font-family: apparat, sans-serif; ||}\u00a0\u00bb locked=\u00a0\u00bboff\u00a0\u00bb global_colors_info=\u00a0\u00bb{}\u00a0\u00bb]<\/p>\n<p style=\"text-align: center;\">Le bon choix de gamme d\u00e9pend avant tout de ta pratique, de ton niveau et de ton budget. Une gamme plus \u00e9lev\u00e9e n\u2019est pas toujours n\u00e9cessaire : l\u2019essentiel est d\u2019avoir un v\u00e9lo coh\u00e9rent avec ton usage r\u00e9el.<\/p>\n<p>[\/et_pb_text][\/et_pb_column][\/et_pb_row][\/et_pb_section]<\/p>\n","protected":false},"excerpt":{"rendered":"<p>GammesLes VTT sont g\u00e9n\u00e9ralement class\u00e9s par gammes, principalement en fonction de leur \u00e9quipement, de leurs performances et de leur prix. Comprendre ces diff\u00e9rences te permet de choisir un v\u00e9lo adapt\u00e9 \u00e0 ton niveau, \u00e0 ta pratique et \u00e0 ton budget, sans payer pour des caract\u00e9ristiques dont tu n\u2019as pas forc\u00e9ment besoin.Entr\u00e9e de gammeLes VTT d\u2019entr\u00e9e [&hellip;]<\/p>\n","protected":false},"author":1,"featured_media":0,"parent":0,"menu_order":0,"comment_status":"closed","ping_status":"closed","template":"","meta":{"_et_pb_use_builder":"on","_et_pb_old_content":"","_et_gb_content_width":"","footnotes":""},"class_list":["post-217","page","type-page","status-publish","hentry"],"yoast_head":"<!-- This site is optimized with the Yoast SEO plugin v27.0 - https:\/\/yoast.com\/product\/yoast-seo-wordpress\/ -->\n<title>Guide d&#039;achat VTT - MTB Compass<\/title>\n<meta name=\"description\" content=\"Mountain Bike Compass est ton guide d\u2019achat VTT pour choisir le bon v\u00e9lo : comparatifs, conseils et explications VTT musculaire et \u00e9lectrique.\" \/>\n<meta name=\"robots\" content=\"index, follow, max-snippet:-1, max-image-preview:large, max-video-preview:-1\" \/>\n<link rel=\"canonical\" href=\"https:\/\/mtbcompass.ch\/en\/gammes\/\" \/>\n<meta property=\"og:locale\" content=\"en_GB\" \/>\n<meta property=\"og:type\" content=\"article\" \/>\n<meta property=\"og:title\" content=\"Guide d&#039;achat VTT - MTB Compass\" \/>\n<meta property=\"og:description\" content=\"Mountain Bike Compass est ton guide d\u2019achat VTT pour choisir le bon v\u00e9lo : comparatifs, conseils et explications VTT musculaire et \u00e9lectrique.\" \/>\n<meta property=\"og:url\" content=\"https:\/\/mtbcompass.ch\/en\/gammes\/\" \/>\n<meta property=\"og:site_name\" content=\"MTB Compass\" \/>\n<meta property=\"article:modified_time\" content=\"2026-01-26T10:16:23+00:00\" \/>\n<meta property=\"og:image\" content=\"https:\/\/i0.wp.com\/mtbcompass.ch\/wp-content\/uploads\/2025\/12\/logo-mtbcompass-scaled-e1766500082862.png?fit=1970%2C1745&ssl=1\" \/>\n\t<meta property=\"og:image:width\" content=\"1970\" \/>\n\t<meta property=\"og:image:height\" content=\"1745\" \/>\n\t<meta property=\"og:image:type\" content=\"image\/png\" \/>\n<meta name=\"twitter:card\" content=\"summary_large_image\" \/>\n<meta name=\"twitter:label1\" content=\"Estimated reading time\" \/>\n\t<meta name=\"twitter:data1\" content=\"2 minutes\" \/>\n<script type=\"application\/ld+json\" class=\"yoast-schema-graph\">{\"@context\":\"https:\/\/schema.org\",\"@graph\":[{\"@type\":\"WebPage\",\"@id\":\"https:\/\/mtbcompass.ch\/gammes\/\",\"url\":\"https:\/\/mtbcompass.ch\/gammes\/\",\"name\":\"Guide d'achat VTT - MTB Compass\",\"isPartOf\":{\"@id\":\"https:\/\/mtbcompass.ch\/#website\"},\"datePublished\":\"2026-01-06T10:37:28+00:00\",\"dateModified\":\"2026-01-26T10:16:23+00:00\",\"description\":\"Mountain Bike Compass est ton guide d\u2019achat VTT pour choisir le bon v\u00e9lo : comparatifs, conseils et explications VTT musculaire et \u00e9lectrique.\",\"breadcrumb\":{\"@id\":\"https:\/\/mtbcompass.ch\/gammes\/#breadcrumb\"},\"inLanguage\":\"en-GB\",\"potentialAction\":[{\"@type\":\"ReadAction\",\"target\":[\"https:\/\/mtbcompass.ch\/gammes\/\"]}]},{\"@type\":\"BreadcrumbList\",\"@id\":\"https:\/\/mtbcompass.ch\/gammes\/#breadcrumb\",\"itemListElement\":[{\"@type\":\"ListItem\",\"position\":1,\"name\":\"Home\",\"item\":\"https:\/\/mtbcompass.ch\/\"},{\"@type\":\"ListItem\",\"position\":2,\"name\":\"Gammes\"}]},{\"@type\":\"WebSite\",\"@id\":\"https:\/\/mtbcompass.ch\/#website\",\"url\":\"https:\/\/mtbcompass.ch\/\",\"name\":\"Moutain Bike Compass\",\"description\":\"\",\"publisher\":{\"@id\":\"https:\/\/mtbcompass.ch\/#organization\"},\"potentialAction\":[{\"@type\":\"SearchAction\",\"target\":{\"@type\":\"EntryPoint\",\"urlTemplate\":\"https:\/\/mtbcompass.ch\/?s={search_term_string}\"},\"query-input\":{\"@type\":\"PropertyValueSpecification\",\"valueRequired\":true,\"valueName\":\"search_term_string\"}}],\"inLanguage\":\"en-GB\"},{\"@type\":\"Organization\",\"@id\":\"https:\/\/mtbcompass.ch\/#organization\",\"name\":\"MTB Compass\",\"alternateName\":\"mtbcompass\",\"url\":\"https:\/\/mtbcompass.ch\/\",\"logo\":{\"@type\":\"ImageObject\",\"inLanguage\":\"en-GB\",\"@id\":\"https:\/\/mtbcompass.ch\/#\/schema\/logo\/image\/\",\"url\":\"https:\/\/i0.wp.com\/mtbcompass.ch\/wp-content\/uploads\/2025\/12\/logo-mtbcompass-scaled-e1766500082862.png?fit=1970%2C1745&ssl=1\",\"contentUrl\":\"https:\/\/i0.wp.com\/mtbcompass.ch\/wp-content\/uploads\/2025\/12\/logo-mtbcompass-scaled-e1766500082862.png?fit=1970%2C1745&ssl=1\",\"width\":1970,\"height\":1745,\"caption\":\"MTB Compass\"},\"image\":{\"@id\":\"https:\/\/mtbcompass.ch\/#\/schema\/logo\/image\/\"}}]}<\/script>\n<!-- \/ Yoast SEO plugin. -->","yoast_head_json":{"title":"Guide d'achat VTT - MTB Compass","description":"Mountain Bike Compass est ton guide d\u2019achat VTT pour choisir le bon v\u00e9lo : comparatifs, conseils et explications VTT musculaire et \u00e9lectrique.","robots":{"index":"index","follow":"follow","max-snippet":"max-snippet:-1","max-image-preview":"max-image-preview:large","max-video-preview":"max-video-preview:-1"},"canonical":"https:\/\/mtbcompass.ch\/en\/gammes\/","og_locale":"en_GB","og_type":"article","og_title":"Guide d'achat VTT - MTB Compass","og_description":"Mountain Bike Compass est ton guide d\u2019achat VTT pour choisir le bon v\u00e9lo : comparatifs, conseils et explications VTT musculaire et \u00e9lectrique.","og_url":"https:\/\/mtbcompass.ch\/en\/gammes\/","og_site_name":"MTB Compass","article_modified_time":"2026-01-26T10:16:23+00:00","og_image":[{"width":1970,"height":1745,"url":"https:\/\/i0.wp.com\/mtbcompass.ch\/wp-content\/uploads\/2025\/12\/logo-mtbcompass-scaled-e1766500082862.png?fit=1970%2C1745&ssl=1","type":"image\/png"}],"twitter_card":"summary_large_image","twitter_misc":{"Estimated reading time":"2 minutes"},"schema":{"@context":"https:\/\/schema.org","@graph":[{"@type":"WebPage","@id":"https:\/\/mtbcompass.ch\/gammes\/","url":"https:\/\/mtbcompass.ch\/gammes\/","name":"Guide d'achat VTT - MTB Compass","isPartOf":{"@id":"https:\/\/mtbcompass.ch\/#website"},"datePublished":"2026-01-06T10:37:28+00:00","dateModified":"2026-01-26T10:16:23+00:00","description":"Mountain Bike Compass est ton guide d\u2019achat VTT pour choisir le bon v\u00e9lo : comparatifs, conseils et explications VTT musculaire et \u00e9lectrique.","breadcrumb":{"@id":"https:\/\/mtbcompass.ch\/gammes\/#breadcrumb"},"inLanguage":"en-GB","potentialAction":[{"@type":"ReadAction","target":["https:\/\/mtbcompass.ch\/gammes\/"]}]},{"@type":"BreadcrumbList","@id":"https:\/\/mtbcompass.ch\/gammes\/#breadcrumb","itemListElement":[{"@type":"ListItem","position":1,"name":"Home","item":"https:\/\/mtbcompass.ch\/"},{"@type":"ListItem","position":2,"name":"Gammes"}]},{"@type":"WebSite","@id":"https:\/\/mtbcompass.ch\/#website","url":"https:\/\/mtbcompass.ch\/","name":"Mountain Bike Compass","description":"","publisher":{"@id":"https:\/\/mtbcompass.ch\/#organization"},"potentialAction":[{"@type":"SearchAction","target":{"@type":"EntryPoint","urlTemplate":"https:\/\/mtbcompass.ch\/?s={search_term_string}"},"query-input":{"@type":"PropertyValueSpecification","valueRequired":true,"valueName":"search_term_string"}}],"inLanguage":"en-GB"},{"@type":"Organization","@id":"https:\/\/mtbcompass.ch\/#organization","name":"MTB Compass","alternateName":"mtbcompass","url":"https:\/\/mtbcompass.ch\/","logo":{"@type":"ImageObject","inLanguage":"en-GB","@id":"https:\/\/mtbcompass.ch\/#\/schema\/logo\/image\/","url":"https:\/\/i0.wp.com\/mtbcompass.ch\/wp-content\/uploads\/2025\/12\/logo-mtbcompass-scaled-e1766500082862.png?fit=1970%2C1745&ssl=1","contentUrl":"https:\/\/i0.wp.com\/mtbcompass.ch\/wp-content\/uploads\/2025\/12\/logo-mtbcompass-scaled-e1766500082862.png?fit=1970%2C1745&ssl=1","width":1970,"height":1745,"caption":"MTB Compass"},"image":{"@id":"https:\/\/mtbcompass.ch\/#\/schema\/logo\/image\/"}}]}},"_links":{"self":[{"href":"https:\/\/mtbcompass.ch\/en\/wp-json\/wp\/v2\/pages\/217","targetHints":{"allow":["GET"]}}],"collection":[{"href":"https:\/\/mtbcompass.ch\/en\/wp-json\/wp\/v2\/pages"}],"about":[{"href":"https:\/\/mtbcompass.ch\/en\/wp-json\/wp\/v2\/types\/page"}],"author":[{"embeddable":true,"href":"https:\/\/mtbcompass.ch\/en\/wp-json\/wp\/v2\/users\/1"}],"replies":[{"embeddable":true,"href":"https:\/\/mtbcompass.ch\/en\/wp-json\/wp\/v2\/comments?post=217"}],"version-history":[{"count":12,"href":"https:\/\/mtbcompass.ch\/en\/wp-json\/wp\/v2\/pages\/217\/revisions"}],"predecessor-version":[{"id":479,"href":"https:\/\/mtbcompass.ch\/en\/wp-json\/wp\/v2\/pages\/217\/revisions\/479"}],"wp:attachment":[{"href":"https:\/\/mtbcompass.ch\/en\/wp-json\/wp\/v2\/media?parent=217"}],"curies":[{"name":"wp","href":"https:\/\/api.w.org\/{rel}","templated":true}]}}